{"id":9521,"date":"2023-06-15T12:45:39","date_gmt":"2023-06-15T10:45:53","guid":{"rendered":"https:\/\/ki-marktplatz.com\/?page_id=9521"},"modified":"2025-07-07T14:23:22","modified_gmt":"2025-07-07T12:23:22","slug":"use-cases","status":"publish","type":"page","link":"https:\/\/ki-marktplatz.com\/en\/ai-in-engineering\/use-cases\/","title":{"rendered":"Case Studies"},"content":{"rendered":"<p><strong>What potential does Artificial Intelligence have in engineering? The following case studies showcase how AI can solve complex engineering challenges.<\/strong><\/p>\n<p>From intelligent product monitoring to AI-supported manufacturability analysis: On this page, you can learn more about each application case and the respective potentials of AI.<\/p>\n","protected":false},"excerpt":{"rendered":"<p>What potential does Artificial Intelligence have in engineering? The following case studies showcase how AI can solve complex engineering challenges. From intelligent product monitoring to AI-supported manufacturability analysis: On this &#8230;<\/p>\n","protected":false},"author":18,"featured_media":0,"parent":6947,"menu_order":5,"comment_status":"closed","ping_status":"closed","template":"","meta":{"_acf_changed":false,"content-type":"","footnotes":""},"class_list":["post-9521","page","type-page","status-publish","hentry"],"acf":[],"yoast_head":"<!-- This site is optimized with the Yoast SEO plugin v26.8 - https:\/\/yoast.com\/product\/yoast-seo-wordpress\/ -->\n<title>Case Studies &#187; KI-Marktplatz | KI Use Cases im Engineering<\/title>\n<meta name=\"description\" content=\"Erfahren Sie mehr \u00fcber das Potenzial von K\u00fcnstlicher Intelligenz im Engineering. Entdecken Sie 6 KI-Use Cases, von intelligenter Produkt\u00fcberwachung bis zur Herstellbarkeitsanalyse, und lassen Sie sich inspirieren\" \/>\n<meta name=\"robots\" content=\"index, follow, max-snippet:-1, max-image-preview:large, max-video-preview:-1\" \/>\n<link rel=\"canonical\" href=\"https:\/\/ki-marktplatz.com\/en\/ai-in-engineering\/use-cases\/\" \/>\n<meta property=\"og:locale\" content=\"en_US\" \/>\n<meta property=\"og:type\" content=\"article\" \/>\n<meta property=\"og:title\" content=\"Case Studies\" \/>\n<meta property=\"og:description\" content=\"Erfahren Sie mehr \u00fcber das Potenzial von K\u00fcnstlicher Intelligenz im Engineering. Entdecken Sie 6 KI-Use Cases, von intelligenter Produkt\u00fcberwachung bis zur Herstellbarkeitsanalyse, und lassen Sie sich inspirieren\" \/>\n<meta property=\"og:url\" content=\"https:\/\/ki-marktplatz.com\/en\/ai-in-engineering\/use-cases\/\" \/>\n<meta property=\"og:site_name\" content=\"KI-Marktplatz\" \/>\n<meta property=\"article:modified_time\" content=\"2025-07-07T12:23:22+00:00\" \/>\n<meta property=\"og:image\" content=\"https:\/\/ki-marktplatz.com\/wp-content\/uploads\/2022\/01\/ki-marktplatz_social_share.jpg\" \/>\n\t<meta property=\"og:image:width\" content=\"1054\" \/>\n\t<meta property=\"og:image:height\" content=\"548\" \/>\n\t<meta property=\"og:image:type\" content=\"image\/jpeg\" \/>\n<meta name=\"twitter:card\" content=\"summary_large_image\" \/>\n<meta name=\"twitter:label1\" content=\"Est. reading time\" \/>\n\t<meta name=\"twitter:data1\" content=\"1 minute\" \/>\n<script type=\"application\/ld+json\" class=\"yoast-schema-graph\">{\"@context\":\"https:\/\/schema.org\",\"@graph\":[{\"@type\":\"WebPage\",\"@id\":\"https:\/\/ki-marktplatz.com\/en\/ai-in-engineering\/use-cases\/\",\"url\":\"https:\/\/ki-marktplatz.com\/en\/ai-in-engineering\/use-cases\/\",\"name\":\"[:de]Fallstudien[:en]Case Studies[:] &#187; KI-Marktplatz | KI Use Cases im Engineering\",\"isPartOf\":{\"@id\":\"https:\/\/ki-marktplatz.com\/#website\"},\"datePublished\":\"2023-06-15T10:45:53+00:00\",\"dateModified\":\"2025-07-07T12:23:22+00:00\",\"description\":\"Erfahren Sie mehr \u00fcber das Potenzial von K\u00fcnstlicher Intelligenz im Engineering. Entdecken Sie 6 KI-Use Cases, von intelligenter Produkt\u00fcberwachung bis zur Herstellbarkeitsanalyse, und lassen Sie sich inspirieren\",\"breadcrumb\":{\"@id\":\"https:\/\/ki-marktplatz.com\/en\/ai-in-engineering\/use-cases\/#breadcrumb\"},\"inLanguage\":\"en-US\",\"potentialAction\":[{\"@type\":\"ReadAction\",\"target\":[\"https:\/\/ki-marktplatz.com\/en\/ai-in-engineering\/use-cases\/\"]}]},{\"@type\":\"BreadcrumbList\",\"@id\":\"https:\/\/ki-marktplatz.com\/en\/ai-in-engineering\/use-cases\/#breadcrumb\",\"itemListElement\":[{\"@type\":\"ListItem\",\"position\":1,\"name\":\"Home\",\"item\":\"https:\/\/ki-marktplatz.com\/en\/\"},{\"@type\":\"ListItem\",\"position\":2,\"name\":\"AI in Engineering\",\"item\":\"https:\/\/ki-marktplatz.com\/en\/ai-in-engineering\/\"},{\"@type\":\"ListItem\",\"position\":3,\"name\":\"Case Studies\"}]},{\"@type\":\"WebSite\",\"@id\":\"https:\/\/ki-marktplatz.com\/#website\",\"url\":\"https:\/\/ki-marktplatz.com\/\",\"name\":\"KI-Marktplatz\",\"description\":\"Die digitale Plattform f\u00fcr K\u00fcnstliche Intelligenz in der Produktentstehung\",\"potentialAction\":[{\"@type\":\"SearchAction\",\"target\":{\"@type\":\"EntryPoint\",\"urlTemplate\":\"https:\/\/ki-marktplatz.com\/?s={search_term_string}\"},\"query-input\":{\"@type\":\"PropertyValueSpecification\",\"valueRequired\":true,\"valueName\":\"search_term_string\"}}],\"inLanguage\":\"en-US\"}]}<\/script>\n<!-- \/ Yoast SEO plugin. -->","yoast_head_json":{"title":"Case Studies &#187; KI-Marktplatz | KI Use Cases im Engineering","description":"Erfahren Sie mehr \u00fcber das Potenzial von K\u00fcnstlicher Intelligenz im Engineering. Entdecken Sie 6 KI-Use Cases, von intelligenter Produkt\u00fcberwachung bis zur Herstellbarkeitsanalyse, und lassen Sie sich inspirieren","robots":{"index":"index","follow":"follow","max-snippet":"max-snippet:-1","max-image-preview":"max-image-preview:large","max-video-preview":"max-video-preview:-1"},"canonical":"https:\/\/ki-marktplatz.com\/en\/ai-in-engineering\/use-cases\/","og_locale":"en_US","og_type":"article","og_title":"[:de]Fallstudien[:en]Case Studies[:] &#187; KI-Marktplatz | KI Use Cases im Engineering","og_description":"Erfahren Sie mehr \u00fcber das Potenzial von K\u00fcnstlicher Intelligenz im Engineering. Entdecken Sie 6 KI-Use Cases, von intelligenter Produkt\u00fcberwachung bis zur Herstellbarkeitsanalyse, und lassen Sie sich inspirieren","og_url":"https:\/\/ki-marktplatz.com\/en\/ai-in-engineering\/use-cases\/","og_site_name":"KI-Marktplatz","article_modified_time":"2025-07-07T12:23:22+00:00","og_image":[{"width":1054,"height":548,"url":"https:\/\/ki-marktplatz.com\/wp-content\/uploads\/2022\/01\/ki-marktplatz_social_share.jpg","type":"image\/jpeg"}],"twitter_card":"summary_large_image","twitter_misc":{"Est. reading time":"1 minute"},"schema":{"@context":"https:\/\/schema.org","@graph":[{"@type":"WebPage","@id":"https:\/\/ki-marktplatz.com\/en\/ai-in-engineering\/use-cases\/","url":"https:\/\/ki-marktplatz.com\/en\/ai-in-engineering\/use-cases\/","name":"[:de]Fallstudien[:en]Case Studies[:] &#187; KI-Marktplatz | KI Use Cases im Engineering","isPartOf":{"@id":"https:\/\/ki-marktplatz.com\/#website"},"datePublished":"2023-06-15T10:45:53+00:00","dateModified":"2025-07-07T12:23:22+00:00","description":"Erfahren Sie mehr \u00fcber das Potenzial von K\u00fcnstlicher Intelligenz im Engineering. Entdecken Sie 6 KI-Use Cases, von intelligenter Produkt\u00fcberwachung bis zur Herstellbarkeitsanalyse, und lassen Sie sich inspirieren","breadcrumb":{"@id":"https:\/\/ki-marktplatz.com\/en\/ai-in-engineering\/use-cases\/#breadcrumb"},"inLanguage":"en-US","potentialAction":[{"@type":"ReadAction","target":["https:\/\/ki-marktplatz.com\/en\/ai-in-engineering\/use-cases\/"]}]},{"@type":"BreadcrumbList","@id":"https:\/\/ki-marktplatz.com\/en\/ai-in-engineering\/use-cases\/#breadcrumb","itemListElement":[{"@type":"ListItem","position":1,"name":"Home","item":"https:\/\/ki-marktplatz.com\/en\/"},{"@type":"ListItem","position":2,"name":"AI in Engineering","item":"https:\/\/ki-marktplatz.com\/en\/ai-in-engineering\/"},{"@type":"ListItem","position":3,"name":"Case Studies"}]},{"@type":"WebSite","@id":"https:\/\/ki-marktplatz.com\/#website","url":"https:\/\/ki-marktplatz.com\/","name":"KI-Marktplatz","description":"Die digitale Plattform f\u00fcr K\u00fcnstliche Intelligenz in der Produktentstehung","potentialAction":[{"@type":"SearchAction","target":{"@type":"EntryPoint","urlTemplate":"https:\/\/ki-marktplatz.com\/?s={search_term_string}"},"query-input":{"@type":"PropertyValueSpecification","valueRequired":true,"valueName":"search_term_string"}}],"inLanguage":"en-US"}]}},"_links":{"self":[{"href":"https:\/\/ki-marktplatz.com\/en\/wp-json\/wp\/v2\/pages\/9521","targetHints":{"allow":["GET"]}}],"collection":[{"href":"https:\/\/ki-marktplatz.com\/en\/wp-json\/wp\/v2\/pages"}],"about":[{"href":"https:\/\/ki-marktplatz.com\/en\/wp-json\/wp\/v2\/types\/page"}],"author":[{"embeddable":true,"href":"https:\/\/ki-marktplatz.com\/en\/wp-json\/wp\/v2\/users\/18"}],"replies":[{"embeddable":true,"href":"https:\/\/ki-marktplatz.com\/en\/wp-json\/wp\/v2\/comments?post=9521"}],"version-history":[{"count":5,"href":"https:\/\/ki-marktplatz.com\/en\/wp-json\/wp\/v2\/pages\/9521\/revisions"}],"predecessor-version":[{"id":11903,"href":"https:\/\/ki-marktplatz.com\/en\/wp-json\/wp\/v2\/pages\/9521\/revisions\/11903"}],"up":[{"embeddable":true,"href":"https:\/\/ki-marktplatz.com\/en\/wp-json\/wp\/v2\/pages\/6947"}],"wp:attachment":[{"href":"https:\/\/ki-marktplatz.com\/en\/wp-json\/wp\/v2\/media?parent=9521"}],"curies":[{"name":"wp","href":"https:\/\/api.w.org\/{rel}","templated":true}]}}