{"id":10981,"date":"2025-01-06T13:23:48","date_gmt":"2025-01-06T12:23:48","guid":{"rendered":"https:\/\/ki-marktplatz.com\/?page_id=10981"},"modified":"2025-01-06T15:27:39","modified_gmt":"2025-01-06T14:27:39","slug":"sind_ihre_engineering-it-standards_ki-nutzbar","status":"publish","type":"page","link":"https:\/\/ki-marktplatz.com\/en\/ueber-uns\/downloads\/sind_ihre_engineering-it-standards_ki-nutzbar\/","title":{"rendered":"Whitepaper Sind Ihre Engineering-IT-Standards KI-nutzbar?"},"content":{"rendered":"\t\t<div data-elementor-type=\"wp-page\" data-elementor-id=\"10981\" class=\"elementor elementor-10981\">\n\t\t\t\t\t\t<section class=\"elementor-section elementor-top-section elementor-element elementor-element-b84f284 elementor-section-boxed elementor-section-height-default elementor-section-height-default\" data-id=\"b84f284\" data-element_type=\"section\">\n\t\t\t\t\t\t<div class=\"elementor-container elementor-column-gap-default\">\n\t\t\t\t\t<div class=\"elementor-column elementor-col-50 elementor-top-column elementor-element elementor-element-55d054a\" data-id=\"55d054a\" data-element_type=\"column\">\n\t\t\t<div class=\"elementor-widget-wrap elementor-element-populated\">\n\t\t\t\t\t\t<div class=\"elementor-element elementor-element-bc81173 elementor-widget elementor-widget-spacer\" data-id=\"bc81173\" data-element_type=\"widget\" data-widget_type=\"spacer.default\">\n\t\t\t\t<div class=\"elementor-widget-container\">\n\t\t\t\t\t\t\t<div class=\"elementor-spacer\">\n\t\t\t<div class=\"elementor-spacer-inner\"><\/div>\n\t\t<\/div>\n\t\t\t\t\t\t<\/div>\n\t\t\t\t<\/div>\n\t\t\t\t<div class=\"elementor-element elementor-element-f1b0d64 elementor-widget elementor-widget-heading\" data-id=\"f1b0d64\" data-element_type=\"widget\" data-widget_type=\"heading.default\">\n\t\t\t\t<div class=\"elementor-widget-container\">\n\t\t\t\t\t<h2 class=\"elementor-heading-title elementor-size-default\"><font color=\"#ffffff\" face=\"Montserrat-Regular, sans-serif\"><span style=\"font-size: 24px;font-weight: 400\">KI-Nutzung in Engineering-IT-Standards<\/span><\/font><\/h2>\t\t\t\t<\/div>\n\t\t\t\t<\/div>\n\t\t\t\t<div class=\"elementor-element elementor-element-1614165 elementor-widget__width-initial elementor-widget elementor-widget-heading\" data-id=\"1614165\" data-element_type=\"widget\" data-widget_type=\"heading.default\">\n\t\t\t\t<div class=\"elementor-widget-container\">\n\t\t\t\t\t<h1 class=\"elementor-heading-title elementor-size-default\"><font color=\"#ffffff\" face=\"Montserrat\"><span style=\"font-size: 42.6667px\">Whitepaper: Sind Ihre Engineering-IT-Standards KI-nutzbar?<\/span><\/font><span style=\"color: var( --e-global-color-primary );font-family: var( --e-global-typography-primary-font-family ), Sans-serif;font-size: 3rem;font-weight: var( --e-global-typography-primary-font-weight )\"><\/span><\/h1>\t\t\t\t<\/div>\n\t\t\t\t<\/div>\n\t\t\t\t<div class=\"elementor-element elementor-element-812303f elementor-widget elementor-widget-spacer\" data-id=\"812303f\" data-element_type=\"widget\" data-widget_type=\"spacer.default\">\n\t\t\t\t<div class=\"elementor-widget-container\">\n\t\t\t\t\t\t\t<div class=\"elementor-spacer\">\n\t\t\t<div class=\"elementor-spacer-inner\"><\/div>\n\t\t<\/div>\n\t\t\t\t\t\t<\/div>\n\t\t\t\t<\/div>\n\t\t\t\t<div class=\"elementor-element elementor-element-6991ee4 elementor-widget elementor-widget-text-editor\" data-id=\"6991ee4\" data-element_type=\"widget\" data-widget_type=\"text-editor.default\">\n\t\t\t\t<div class=\"elementor-widget-container\">\n\t\t\t\t\t\t\t\t\t<p style=\"margin: 0cm; line-height: 18pt; background-image: initial; background-position: initial; background-size: initial; background-repeat: initial; background-attachment: initial; background-origin: initial; background-clip: initial;\"><span style=\"color: #ffffff; font-family: Montserrat;\"><span style=\"font-size: 19.3333px;\">Die Integration von K\u00fcnstlicher Intelligenz (KI) in bestehende Engineering-IT-Standards bietet enorme Potenziale, um Prozesse zu optimieren und Wettbewerbsvorteile zu sichern. Doch sind Ihre Standards bereit f\u00fcr den Einsatz von KI? Unser Whitepaper beleuchtet die wichtigsten Anforderungen, Herausforderungen und L\u00f6sungsans\u00e4tze, um Ihre Engineering-IT-Standards KI-nutzbar zu machen. Erfahren Sie, wie Sie durch den gezielten Einsatz von KI langfristig Innovation und Effizienz f\u00f6rdern k\u00f6nnen.<\/span><\/span><\/p><p style=\"margin: 0cm; line-height: 18pt; background-image: initial; background-position: initial; background-size: initial; background-repeat: initial; background-attachment: initial; background-origin: initial; background-clip: initial;\"><span style=\"color: #ffffff; font-family: Montserrat;\"><span style=\"font-size: 19.3333px;\"> <\/span><\/span><\/p><p style=\"margin: 0cm; line-height: 18pt; background-image: initial; background-position: initial; background-size: initial; background-repeat: initial; background-attachment: initial; background-origin: initial; background-clip: initial;\"><span style=\"color: #ffffff; font-family: Montserrat;\"><span style=\"font-size: 19.3333px;\">Laden Sie jetzt unser kostenloses Whitepaper herunter und starten Sie Ihre Reise zur KI-basierten Zukunft.<\/span><\/span><\/p>\t\t\t\t\t\t\t\t<\/div>\n\t\t\t\t<\/div>\n\t\t\t\t<div class=\"elementor-element elementor-element-923d4fa elementor-widget elementor-widget-spacer\" data-id=\"923d4fa\" data-element_type=\"widget\" data-widget_type=\"spacer.default\">\n\t\t\t\t<div class=\"elementor-widget-container\">\n\t\t\t\t\t\t\t<div class=\"elementor-spacer\">\n\t\t\t<div class=\"elementor-spacer-inner\"><\/div>\n\t\t<\/div>\n\t\t\t\t\t\t<\/div>\n\t\t\t\t<\/div>\n\t\t\t\t<div class=\"elementor-element elementor-element-660972c elementor-widget__width-initial elementor-widget elementor-widget-image\" data-id=\"660972c\" data-element_type=\"widget\" data-widget_type=\"image.default\">\n\t\t\t\t<div class=\"elementor-widget-container\">\n\t\t\t\t\t\t\t\t\t\t\t\t\t\t\t<img fetchpriority=\"high\" decoding=\"async\" width=\"500\" height=\"375\" src=\"https:\/\/ki-marktplatz.com\/wp-content\/uploads\/2025\/01\/Broschuere_Titelseite_plus_zwei_Seiten_top-500x375-1.jpg\" class=\"attachment-large size-large wp-image-10969\" alt=\"\" srcset=\"https:\/\/ki-marktplatz.com\/wp-content\/uploads\/2025\/01\/Broschuere_Titelseite_plus_zwei_Seiten_top-500x375-1.jpg 500w, https:\/\/ki-marktplatz.com\/wp-content\/uploads\/2025\/01\/Broschuere_Titelseite_plus_zwei_Seiten_top-500x375-1-300x225.jpg 300w, https:\/\/ki-marktplatz.com\/wp-content\/uploads\/2025\/01\/Broschuere_Titelseite_plus_zwei_Seiten_top-500x375-1-150x113.jpg 150w\" sizes=\"(max-width: 500px) 100vw, 500px\" \/>\t\t\t\t\t\t\t\t\t\t\t\t\t\t\t<\/div>\n\t\t\t\t<\/div>\n\t\t\t\t\t<\/div>\n\t\t<\/div>\n\t\t\t\t<div class=\"elementor-column elementor-col-50 elementor-top-column elementor-element elementor-element-8747799\" data-id=\"8747799\" data-element_type=\"column\">\n\t\t\t<div class=\"elementor-widget-wrap elementor-element-populated\">\n\t\t\t\t\t\t<div class=\"elementor-element elementor-element-7eb4b3f elementor-widget elementor-widget-hubspot-form\" data-id=\"7eb4b3f\" data-element_type=\"widget\" data-widget_type=\"hubspot-form.default\">\n\t\t\t\t<div class=\"elementor-widget-container\">\n\t\t\t\t\t\n\t\t\t\t\t\t<script>\n\t\t\t\t\t\t\twindow.hsFormsOnReady = window.hsFormsOnReady || [];\n\t\t\t\t\t\t\twindow.hsFormsOnReady.push(()=>{\n\t\t\t\t\t\t\t\thbspt.forms.create({\n\t\t\t\t\t\t\t\t\tportalId: 145005284,\n\t\t\t\t\t\t\t\t\tformId: \"30a48cd0-3691-4a08-995c-0e09365c8255\",\n\t\t\t\t\t\t\t\t\ttarget: \"#hbspt-form-1770938777000-9892017482\",\n\t\t\t\t\t\t\t\t\tregion: \"eu1\",\n\t\t\t\t\t\t\t\t\t\n\t\t\t\t\t\t\t})});\n\t\t\t\t\t\t<\/script>\n\t\t\t\t\t\t<div class=\"hbspt-form\" id=\"hbspt-form-1770938777000-9892017482\"><\/div>\t\t\t\t<\/div>\n\t\t\t\t<\/div>\n\t\t\t\t\t<\/div>\n\t\t<\/div>\n\t\t\t\t\t<\/div>\n\t\t<\/section>\n\t\t\t\t<\/div>\n\t\t","protected":false},"excerpt":{"rendered":"<p>KI-Nutzung in Engineering-IT-Standards Whitepaper: Sind Ihre Engineering-IT-Standards KI-nutzbar? Die Integration von K\u00fcnstlicher Intelligenz (KI) in bestehende Engineering-IT-Standards bietet enorme Potenziale, um Prozesse zu optimieren und Wettbewerbsvorteile zu sichern. Doch sind &#8230;<\/p>\n","protected":false},"author":20,"featured_media":0,"parent":1519,"menu_order":3,"comment_status":"closed","ping_status":"closed","template":"","meta":{"_acf_changed":false,"content-type":"","footnotes":""},"class_list":["post-10981","page","type-page","status-publish","hentry"],"acf":[],"yoast_head":"<!-- This site is optimized with the Yoast SEO plugin v26.8 - https:\/\/yoast.com\/product\/yoast-seo-wordpress\/ -->\n<title>Whitepaper Sind Ihre Engineering-IT-Standards KI-nutzbar? &#187; KI-Marktplatz<\/title>\n<meta name=\"robots\" content=\"index, follow, max-snippet:-1, max-image-preview:large, max-video-preview:-1\" \/>\n<link rel=\"canonical\" href=\"https:\/\/ki-marktplatz.com\/en\/ueber-uns\/downloads\/sind_ihre_engineering-it-standards_ki-nutzbar\/\" \/>\n<meta property=\"og:locale\" content=\"en_US\" \/>\n<meta property=\"og:type\" content=\"article\" \/>\n<meta property=\"og:title\" content=\"Whitepaper Sind Ihre Engineering-IT-Standards KI-nutzbar?\" \/>\n<meta property=\"og:description\" content=\"KI-Nutzung in Engineering-IT-Standards Whitepaper: Sind Ihre Engineering-IT-Standards KI-nutzbar? Die Integration von K\u00fcnstlicher Intelligenz (KI) in bestehende Engineering-IT-Standards bietet enorme Potenziale, um Prozesse zu optimieren und Wettbewerbsvorteile zu sichern. Doch sind ...\" \/>\n<meta property=\"og:url\" content=\"https:\/\/ki-marktplatz.com\/en\/ueber-uns\/downloads\/sind_ihre_engineering-it-standards_ki-nutzbar\/\" \/>\n<meta property=\"og:site_name\" content=\"KI-Marktplatz\" \/>\n<meta property=\"article:modified_time\" content=\"2025-01-06T14:27:39+00:00\" \/>\n<meta property=\"og:image\" content=\"https:\/\/ki-marktplatz.com\/wp-content\/uploads\/2025\/01\/Whitepaper_KI-Marktplatz_KI-Zertifizierung_1.jpg\" \/>\n<meta name=\"twitter:card\" content=\"summary_large_image\" \/>\n<meta name=\"twitter:label1\" content=\"Est. reading time\" \/>\n\t<meta name=\"twitter:data1\" content=\"1 minute\" \/>\n<script type=\"application\/ld+json\" class=\"yoast-schema-graph\">{\"@context\":\"https:\/\/schema.org\",\"@graph\":[{\"@type\":\"WebPage\",\"@id\":\"https:\/\/ki-marktplatz.com\/en\/ueber-uns\/downloads\/sind_ihre_engineering-it-standards_ki-nutzbar\/\",\"url\":\"https:\/\/ki-marktplatz.com\/en\/ueber-uns\/downloads\/sind_ihre_engineering-it-standards_ki-nutzbar\/\",\"name\":\"[:de]Whitepaper Sind Ihre Engineering-IT-Standards KI-nutzbar?[:en]Whitepaper Sind Ihre Engineering-IT-Standards KI-nutzbar?[:] &#187; KI-Marktplatz\",\"isPartOf\":{\"@id\":\"https:\/\/ki-marktplatz.com\/#website\"},\"primaryImageOfPage\":{\"@id\":\"https:\/\/ki-marktplatz.com\/en\/ueber-uns\/downloads\/sind_ihre_engineering-it-standards_ki-nutzbar\/#primaryimage\"},\"image\":{\"@id\":\"https:\/\/ki-marktplatz.com\/en\/ueber-uns\/downloads\/sind_ihre_engineering-it-standards_ki-nutzbar\/#primaryimage\"},\"thumbnailUrl\":\"https:\/\/ki-marktplatz.com\/wp-content\/uploads\/2025\/01\/Whitepaper_KI-Marktplatz_KI-Zertifizierung_1.jpg\",\"datePublished\":\"2025-01-06T12:23:48+00:00\",\"dateModified\":\"2025-01-06T14:27:39+00:00\",\"breadcrumb\":{\"@id\":\"https:\/\/ki-marktplatz.com\/en\/ueber-uns\/downloads\/sind_ihre_engineering-it-standards_ki-nutzbar\/#breadcrumb\"},\"inLanguage\":\"en-US\",\"potentialAction\":[{\"@type\":\"ReadAction\",\"target\":[\"https:\/\/ki-marktplatz.com\/en\/ueber-uns\/downloads\/sind_ihre_engineering-it-standards_ki-nutzbar\/\"]}]},{\"@type\":\"ImageObject\",\"inLanguage\":\"en-US\",\"@id\":\"https:\/\/ki-marktplatz.com\/en\/ueber-uns\/downloads\/sind_ihre_engineering-it-standards_ki-nutzbar\/#primaryimage\",\"url\":\"https:\/\/ki-marktplatz.com\/wp-content\/uploads\/2025\/01\/Whitepaper_KI-Marktplatz_KI-Zertifizierung_1.jpg\",\"contentUrl\":\"https:\/\/ki-marktplatz.com\/wp-content\/uploads\/2025\/01\/Whitepaper_KI-Marktplatz_KI-Zertifizierung_1.jpg\"},{\"@type\":\"BreadcrumbList\",\"@id\":\"https:\/\/ki-marktplatz.com\/en\/ueber-uns\/downloads\/sind_ihre_engineering-it-standards_ki-nutzbar\/#breadcrumb\",\"itemListElement\":[{\"@type\":\"ListItem\",\"position\":1,\"name\":\"Home\",\"item\":\"https:\/\/ki-marktplatz.com\/en\/\"},{\"@type\":\"ListItem\",\"position\":2,\"name\":\"About Us\",\"item\":\"https:\/\/ki-marktplatz.com\/en\/ueber-uns\/\"},{\"@type\":\"ListItem\",\"position\":3,\"name\":\"Downloads\",\"item\":\"https:\/\/ki-marktplatz.com\/en\/ueber-uns\/downloads\/\"},{\"@type\":\"ListItem\",\"position\":4,\"name\":\"Whitepaper Sind Ihre Engineering-IT-Standards KI-nutzbar?\"}]},{\"@type\":\"WebSite\",\"@id\":\"https:\/\/ki-marktplatz.com\/#website\",\"url\":\"https:\/\/ki-marktplatz.com\/\",\"name\":\"KI-Marktplatz\",\"description\":\"Die digitale Plattform f\u00fcr K\u00fcnstliche Intelligenz in der Produktentstehung\",\"potentialAction\":[{\"@type\":\"SearchAction\",\"target\":{\"@type\":\"EntryPoint\",\"urlTemplate\":\"https:\/\/ki-marktplatz.com\/?s={search_term_string}\"},\"query-input\":{\"@type\":\"PropertyValueSpecification\",\"valueRequired\":true,\"valueName\":\"search_term_string\"}}],\"inLanguage\":\"en-US\"}]}<\/script>\n<!-- \/ Yoast SEO plugin. -->","yoast_head_json":{"title":"Whitepaper Sind Ihre Engineering-IT-Standards KI-nutzbar? &#187; KI-Marktplatz","robots":{"index":"index","follow":"follow","max-snippet":"max-snippet:-1","max-image-preview":"max-image-preview:large","max-video-preview":"max-video-preview:-1"},"canonical":"https:\/\/ki-marktplatz.com\/en\/ueber-uns\/downloads\/sind_ihre_engineering-it-standards_ki-nutzbar\/","og_locale":"en_US","og_type":"article","og_title":"[:de]Whitepaper Sind Ihre Engineering-IT-Standards KI-nutzbar?[:en]Whitepaper Sind Ihre Engineering-IT-Standards KI-nutzbar?[:] &#187; KI-Marktplatz","og_description":"KI-Nutzung in Engineering-IT-Standards Whitepaper: Sind Ihre Engineering-IT-Standards KI-nutzbar? Die Integration von K\u00fcnstlicher Intelligenz (KI) in bestehende Engineering-IT-Standards bietet enorme Potenziale, um Prozesse zu optimieren und Wettbewerbsvorteile zu sichern. Doch sind ...","og_url":"https:\/\/ki-marktplatz.com\/en\/ueber-uns\/downloads\/sind_ihre_engineering-it-standards_ki-nutzbar\/","og_site_name":"KI-Marktplatz","article_modified_time":"2025-01-06T14:27:39+00:00","og_image":[{"url":"https:\/\/ki-marktplatz.com\/wp-content\/uploads\/2025\/01\/Whitepaper_KI-Marktplatz_KI-Zertifizierung_1.jpg","type":"","width":"","height":""}],"twitter_card":"summary_large_image","twitter_misc":{"Est. reading time":"1 minute"},"schema":{"@context":"https:\/\/schema.org","@graph":[{"@type":"WebPage","@id":"https:\/\/ki-marktplatz.com\/en\/ueber-uns\/downloads\/sind_ihre_engineering-it-standards_ki-nutzbar\/","url":"https:\/\/ki-marktplatz.com\/en\/ueber-uns\/downloads\/sind_ihre_engineering-it-standards_ki-nutzbar\/","name":"[:de]Whitepaper Sind Ihre Engineering-IT-Standards KI-nutzbar?[:en]Whitepaper Sind Ihre Engineering-IT-Standards KI-nutzbar?[:] &#187; KI-Marktplatz","isPartOf":{"@id":"https:\/\/ki-marktplatz.com\/#website"},"primaryImageOfPage":{"@id":"https:\/\/ki-marktplatz.com\/en\/ueber-uns\/downloads\/sind_ihre_engineering-it-standards_ki-nutzbar\/#primaryimage"},"image":{"@id":"https:\/\/ki-marktplatz.com\/en\/ueber-uns\/downloads\/sind_ihre_engineering-it-standards_ki-nutzbar\/#primaryimage"},"thumbnailUrl":"https:\/\/ki-marktplatz.com\/wp-content\/uploads\/2025\/01\/Whitepaper_KI-Marktplatz_KI-Zertifizierung_1.jpg","datePublished":"2025-01-06T12:23:48+00:00","dateModified":"2025-01-06T14:27:39+00:00","breadcrumb":{"@id":"https:\/\/ki-marktplatz.com\/en\/ueber-uns\/downloads\/sind_ihre_engineering-it-standards_ki-nutzbar\/#breadcrumb"},"inLanguage":"en-US","potentialAction":[{"@type":"ReadAction","target":["https:\/\/ki-marktplatz.com\/en\/ueber-uns\/downloads\/sind_ihre_engineering-it-standards_ki-nutzbar\/"]}]},{"@type":"ImageObject","inLanguage":"en-US","@id":"https:\/\/ki-marktplatz.com\/en\/ueber-uns\/downloads\/sind_ihre_engineering-it-standards_ki-nutzbar\/#primaryimage","url":"https:\/\/ki-marktplatz.com\/wp-content\/uploads\/2025\/01\/Whitepaper_KI-Marktplatz_KI-Zertifizierung_1.jpg","contentUrl":"https:\/\/ki-marktplatz.com\/wp-content\/uploads\/2025\/01\/Whitepaper_KI-Marktplatz_KI-Zertifizierung_1.jpg"},{"@type":"BreadcrumbList","@id":"https:\/\/ki-marktplatz.com\/en\/ueber-uns\/downloads\/sind_ihre_engineering-it-standards_ki-nutzbar\/#breadcrumb","itemListElement":[{"@type":"ListItem","position":1,"name":"Home","item":"https:\/\/ki-marktplatz.com\/en\/"},{"@type":"ListItem","position":2,"name":"About Us","item":"https:\/\/ki-marktplatz.com\/en\/ueber-uns\/"},{"@type":"ListItem","position":3,"name":"Downloads","item":"https:\/\/ki-marktplatz.com\/en\/ueber-uns\/downloads\/"},{"@type":"ListItem","position":4,"name":"Whitepaper Sind Ihre Engineering-IT-Standards KI-nutzbar?"}]},{"@type":"WebSite","@id":"https:\/\/ki-marktplatz.com\/#website","url":"https:\/\/ki-marktplatz.com\/","name":"KI-Marktplatz","description":"Die digitale Plattform f\u00fcr K\u00fcnstliche Intelligenz in der Produktentstehung","potentialAction":[{"@type":"SearchAction","target":{"@type":"EntryPoint","urlTemplate":"https:\/\/ki-marktplatz.com\/?s={search_term_string}"},"query-input":{"@type":"PropertyValueSpecification","valueRequired":true,"valueName":"search_term_string"}}],"inLanguage":"en-US"}]}},"_links":{"self":[{"href":"https:\/\/ki-marktplatz.com\/en\/wp-json\/wp\/v2\/pages\/10981","targetHints":{"allow":["GET"]}}],"collection":[{"href":"https:\/\/ki-marktplatz.com\/en\/wp-json\/wp\/v2\/pages"}],"about":[{"href":"https:\/\/ki-marktplatz.com\/en\/wp-json\/wp\/v2\/types\/page"}],"author":[{"embeddable":true,"href":"https:\/\/ki-marktplatz.com\/en\/wp-json\/wp\/v2\/users\/20"}],"replies":[{"embeddable":true,"href":"https:\/\/ki-marktplatz.com\/en\/wp-json\/wp\/v2\/comments?post=10981"}],"version-history":[{"count":1,"href":"https:\/\/ki-marktplatz.com\/en\/wp-json\/wp\/v2\/pages\/10981\/revisions"}],"predecessor-version":[{"id":12018,"href":"https:\/\/ki-marktplatz.com\/en\/wp-json\/wp\/v2\/pages\/10981\/revisions\/12018"}],"up":[{"embeddable":true,"href":"https:\/\/ki-marktplatz.com\/en\/wp-json\/wp\/v2\/pages\/1519"}],"wp:attachment":[{"href":"https:\/\/ki-marktplatz.com\/en\/wp-json\/wp\/v2\/media?parent=10981"}],"curies":[{"name":"wp","href":"https:\/\/api.w.org\/{rel}","templated":true}]}}